{"id":701,"date":"2017-10-11T13:54:08","date_gmt":"2017-10-11T11:54:08","guid":{"rendered":"http:\/\/maeder.mars.martiniwerbeagentur.de\/?page_id=701"},"modified":"2018-09-10T10:14:53","modified_gmt":"2018-09-10T08:14:53","slug":"home","status":"publish","type":"page","link":"https:\/\/www.maeder-office.de\/fr\/","title":{"rendered":"Home"},"content":{"rendered":"<h1>Bienvenue chez M\u00e4der Office GmbH<\/h1>\n<p>Nous sommes votre partenaire comp\u00e9tent pour le d\u00e9veloppement des objets de haute qualit\u00e9 dans le domaine des cloisons \u00e0 syst\u00e8me modulaires, cloisons vitr\u00e9es, unit\u00e9s murales et des cloisons acoustiques. Nous offrons l&rsquo;objet sur mesure pour vos besoins individuels. Nos syst\u00e8mes de parois peuvent \u00eatre effectu\u00e9es aussi comme des s\u00e9parations visuelles et spatiales dans vos locaux.<\/p>\n","protected":false},"excerpt":{"rendered":"<p>Bienvenue chez M\u00e4der Office GmbH Nous sommes votre partenaire comp\u00e9tent pour le d\u00e9veloppement des objets de haute qualit\u00e9 dans le domaine des cloisons \u00e0 syst\u00e8me modulaires, cloisons vitr\u00e9es, unit\u00e9s murales et des cloisons acoustiques. Nous offrons l&rsquo;objet sur mesure pour vos besoins individuels. Nos syst\u00e8mes de parois peuvent \u00eatre effectu\u00e9es aussi comme des s\u00e9parations visuelles [&hellip;]<\/p>\n","protected":false},"author":1,"featured_media":0,"parent":0,"menu_order":0,"comment_status":"closed","ping_status":"open","template":"","meta":{"_acf_changed":false,"footnotes":""},"class_list":["post-701","page","type-page","status-publish","hentry"],"acf":[],"_links":{"self":[{"href":"https:\/\/www.maeder-office.de\/fr\/wp-json\/wp\/v2\/pages\/701","targetHints":{"allow":["GET"]}}],"collection":[{"href":"https:\/\/www.maeder-office.de\/fr\/wp-json\/wp\/v2\/pages"}],"about":[{"href":"https:\/\/www.maeder-office.de\/fr\/wp-json\/wp\/v2\/types\/page"}],"author":[{"embeddable":true,"href":"https:\/\/www.maeder-office.de\/fr\/wp-json\/wp\/v2\/users\/1"}],"replies":[{"embeddable":true,"href":"https:\/\/www.maeder-office.de\/fr\/wp-json\/wp\/v2\/comments?post=701"}],"version-history":[{"count":7,"href":"https:\/\/www.maeder-office.de\/fr\/wp-json\/wp\/v2\/pages\/701\/revisions"}],"predecessor-version":[{"id":802,"href":"https:\/\/www.maeder-office.de\/fr\/wp-json\/wp\/v2\/pages\/701\/revisions\/802"}],"wp:attachment":[{"href":"https:\/\/www.maeder-office.de\/fr\/wp-json\/wp\/v2\/media?parent=701"}],"curies":[{"name":"wp","href":"https:\/\/api.w.org\/{rel}","templated":true}]}}